{"id":385,"date":"2017-11-10T14:08:51","date_gmt":"2017-11-10T14:08:51","guid":{"rendered":"http:\/\/tag_link_site_url\/mesmerize\/"},"modified":"2026-02-19T15:35:57","modified_gmt":"2026-02-19T15:35:57","slug":"stands-panama","status":"publish","type":"page","link":"https:\/\/qualitystandspanama.com\/en\/","title":{"rendered":"STANDS PANAMA &#8211; Organizador de Congresos, Ferias y Eventos."},"content":{"rendered":"<div  id=\"agente-whatsapp\" class=\"cta-blue-section content-section content-section-spacing-medium bg-color1 white-text\" data-label=\"Agente Whatsapp\" data-id=\"cta-blue-section\" data-export-id=\"cta-blue-section\" data-category=\"cta\">\n<div  class=\"gridContainer\">\n<div  class=\"row middle-xs\">\n<div  class=\"col-sm-8 space-bottom-xs\" data-type=\"column\">\n<h2  class=\"\" style=\"font-family: 'cabin condensed' !important;\">CONTACT A SALES REPRESENTATIVE<\/h2>\n<\/div>\n<div  class=\"col-sm-4 end-sm\" data-type=\"column\"><a  class=\"button color2\" style=\"font-family: cabin !important;\" href=\"https:\/\/wa.link\/nrynfz\" target=\"_blank\" rel=\"noopener nofollow\" data-cp-link=\"1\"> WHATSAPP <\/a><\/div>\n<\/div>\n<\/div>\n<\/div><div  id=\"nosotros\" class=\"about-4 content-section content-section-spacing\" style=\"background-color: #ffffff;\" data-label=\"Nosotros\" data-id=\"about--1\" data-export-id=\"about-4\" data-category=\"about\">\n<div  class=\"gridContainer\">\n<div  class=\"row middle-sm text-center\">\n<div  class=\"col-sm-5 space-bottom-xs content-center-sm\" data-type=\"column\">\n<h3  class=\"\">Custom-designed<\/h3>\n<h2  class=\"\"><\/h2>\n<h2  class=\"\" style=\"margin-bottom: 16px; outline: #cccccc solid 1px;\">With Quality Stands, your brand shines!<\/h2>\n<p  class=\"\">With over 20 years of experience in stand production, event organization, and trade show management, we are your ideal partner in planning your exhibition to achieve resounding success.<\/p>\n\n<\/div>\n<div  class=\"col-sm-7 flexbox center-xs middle-xs image-group-2-img\"><a  class=\"img-1-anchor\" href=\"https:\/\/qualitystandspanama.com\/en\/\" target=\"_self\" rel=\"noopener\" data-cp-link=\"1\"><img  decoding=\"async\" class=\"img-1 shadow-large\" title=\"cropped-4-haohua-stand-scaled-1.jpg\" src=\"https:\/\/qualitystandspanama.com\/wp-content\/uploads\/2023\/01\/4-haohua-stand-scaled.jpg\" alt=\"\" data-size=\"250x200\"><\/a> <a  class=\"img-2-anchor\" href=\"https:\/\/qualitystandspanama.com\/en\/\" target=\"_self\" rel=\"noopener\" data-cp-link=\"1\"><img  decoding=\"async\" class=\"img-2 shadow-large\" title=\"Sentury stand\" src=\"https:\/\/qualitystandspanama.com\/wp-content\/uploads\/2022\/03\/Sentury-stand-scaled.jpg\" alt=\"\" data-size=\"220x170\"><\/a><\/div>\n<\/div>\n<\/div>\n<\/div><div  id=\"nuestros-servicios\" class=\"content-2 content-section content-section-spacing\" style=\"background-color: #f5fafd;\" data-label=\"Nuestros Servicios\" data-id=\"content-2\" data-export-id=\"content-2\" data-category=\"content\">\n<div  class=\"\">\n<div  class=\"row middle-xs\">\n<div  class=\"col-sm-5 bg-image shadow-large-black\" style=\"background-image: url('https:\/\/qualitystandspanama.com\/wp-content\/uploads\/2022\/03\/cropped-Sumitomo-DSC04088rtg.jpg');\" data-bg=\"image\"><\/div>\n<div  class=\"col-sm-7 full-col-left-padding full-col-right-padding\">\n<div  class=\"row\">\n<div  class=\"space-bottom-small content-title-col\" data-type=\"column\">\n<h2  class=\"\" style=\"font-family: 'cabin condensed' !important;\">SERVICES<\/h2>\n<\/div>\n<\/div>\n<div  class=\"row spaced-cols\" data-type=\"row\">\n<div  class=\"col-xs-6\" data-type=\"column\">\n<h5  class=\"end\" style=\"font-family: 'cabin condensed' !important;\">MANUFACTURING OF:<\/h5>\n<p  class=\"\">STANDS.\nLAUNCHES.\nSHOWROOMS.\nPERMANENT AND ITINERANT EXHIBITIONS.<\/p>\n\n<\/div>\n<div  class=\"col-xs-6\" data-type=\"column\">\n<h5  class=\"end\" style=\"font-family: 'cabin condensed' !important;\">EVENT ORGANIZATION<\/h5>\n<p  class=\"\">EVENT PLANNING.\nLOGISTICAL SECRETARIAT.\nDISSEMINATION.\nLOGISTICS AND IMPLEMENTATION.<\/p>\nDISSEMINATION.\nLOGISTICS AND IMPLEMENTATION.\n\n<\/div>\n<div  class=\"col-xs-6\" data-type=\"column\">\n<h5  class=\"end\" style=\"font-family: 'cabin condensed' !important;\">FURNITURE AND AUDIOVISUAL RENTAL.<\/h5>\n<p  class=\"\">CHAIRS, TABLES, LOUNGE AREAS.<\/p>\nLIGHTED FLOORS.\nTELEVISORS.\nLIGHTING.\nCUTTING-EDGE TECHNOLOGY.\n<h5  class=\"\">PLANNING AND CONSULTING.<\/h5>\n<p  class=\"\">DEVELOPMENT OF STRATEGIES AND PROCESSES.<\/p>\n\n<\/div>\n<div  class=\"col-xs-6\" data-type=\"column\">\n<h5  class=\"end\" style=\"font-family: 'cabin condensed' !important;\">GRAPHIC DESIGN AND DIGITAL PRINTING.<\/h5>\n<p  class=\"\">CREATIVITY AND IDEA DEVELOPMENT.\nCONCEPTUAL DEVELOPMENT.<\/p>\n\n<\/div>\n<\/div>\n<\/div>\n<\/div>\n<\/div>\n<\/div><div  id=\"clientes\" class=\"clients-4 content-section content-section-spacing-small\" style=\"background-color: #f5fafd;\" data-label=\"Clientes\" data-id=\"clients--1\" data-export-id=\"clients-4\" data-category=\"clients\">\n<div  class=\"gridContainer\">\n<div  class=\"row\">\n<div  class=\"section-title-col\" data-type=\"column\">\n<h2  class=\"\">Why work with Quality Stands?<\/h2>\n<p  class=\"lead\">We make showcasing your brand easy.<\/p>\nQuality stands are essential elements in successful trade shows, exhibitions, and commercial events. They represent the embodiment of a company's identity and offerings, leaving a lasting impression on attendees. What sets quality stands apart is their attention to detail, design, and functionality. These stands are meticulously planned and constructed to ensure they are not only eye-catching but also conducive to effective engagement with visitors.\n<h2  class=\"font-700\">Satisfied Clients<\/h2>\n<\/div>\n<\/div>\n<div  class=\"row spaced-cols middle-xs center-xs space-bottom padding-lr\" data-type=\"row\">\n<div  class=\"col-xs-6 col-sm-2\"><img  decoding=\"async\" class=\"custom-image\" src=\"https:\/\/qualitystandspanama.com\/wp-content\/uploads\/2026\/01\/cropped-logos_pacifica_salud-03-scaled-1.jpg\" title=\"Gracias a nuestros clientes\" alt=\"Gracias a nuestros clientes\"><\/div>\n<div  class=\"col-xs-6 col-sm-2\"><img  decoding=\"async\" class=\"custom-image\" src=\"https:\/\/qualitystandspanama.com\/wp-content\/uploads\/2026\/01\/cropped-ortosistemas-logo-png_seeklogo-402637.png\" title=\"cropped-ortosistemas-logo-png_seeklogo-402637.png\" alt=\"\"><\/div>\n<div  class=\"col-xs-6 col-sm-2\"><img  decoding=\"async\" class=\"custom-image\" src=\"https:\/\/qualitystandspanama.com\/wp-content\/uploads\/2026\/01\/cropped-Logo-Alpha-Mediq.JPG-scaled-1.jpeg\" title=\"Logo Alpha Mediq.JPG\" alt=\"\"><\/div>\n<div  class=\"col-xs-6 col-sm-2\"><img  decoding=\"async\" class=\"custom-image\" src=\"https:\/\/qualitystandspanama.com\/wp-content\/uploads\/2026\/01\/cropped-radimagen-logo.png\" title=\"cropped-radimagen-logo.png\" alt=\"\"><\/div>\n<div  class=\"col-xs-6 col-sm-2\"><img  decoding=\"async\" loading=\"lazy\" class=\"alignnone\" title=\"cropped-LOGO-SPOG-PNG.png\" src=\"https:\/\/qualitystandspanama.com\/wp-content\/uploads\/2023\/06\/cropped-LOGO-SPOG-PNG.png\" alt=\"stands spog logo\" width=\"347\" height=\"358\"><\/div>\n<div  class=\"col-xs-6 col-sm-2\"><img  decoding=\"async\" class=\"custom-image\" src=\"https:\/\/qualitystandspanama.com\/wp-content\/uploads\/2026\/01\/cropped-nemesis-panama-logo.jpg\" title=\"cropped-nemesis-panama-logo.jpg\" alt=\"\"><\/div>\n<div  class=\"col-xs-6 col-sm-2\"><img  decoding=\"async\" loading=\"lazy\" class=\"alignnone\" title=\"cropped-Sociedad-Paname-C3-B1a-300x300-1.jpg\" src=\"https:\/\/qualitystandspanama.com\/wp-content\/uploads\/2022\/03\/cropped-Sociedad-Paname-C3-B1a-300x300-1.jpg\" alt=\"stands socidad de oftalmologia \" width=\"300\" height=\"165\"><\/div>\n<div  class=\"col-xs-6 col-sm-2\"><img  decoding=\"async\" loading=\"lazy\" class=\"alignnone\" title=\"DRGR_LOGO_VERTICAL\" src=\"https:\/\/qualitystandspanama.com\/wp-content\/uploads\/2022\/03\/DRGR_LOGO_VERTICAL.png\" alt=\"stands DRGR LOGO \" width=\"4500\" height=\"2661\"><\/div>\n<div  class=\"col-xs-6 col-sm-2\"><img  decoding=\"async\" loading=\"lazy\" class=\"alignnone\" title=\"import-medical-logo\" src=\"https:\/\/qualitystandspanama.com\/wp-content\/uploads\/2025\/05\/import-medical-logo.webp\" alt=\"\"><\/div>\n<div  class=\"col-xs-6 col-sm-2\"><img  decoding=\"async\" class=\"custom-image\" src=\"https:\/\/qualitystandspanama.com\/wp-content\/uploads\/2026\/01\/cropped-LOGO-UCITECH.png\" title=\"cropped-LOGO-UCITECH.png\" alt=\"\"><\/div>\n<div  class=\"col-xs-6 col-sm-2\"><img  decoding=\"async\" class=\"custom-image\" src=\"https:\/\/qualitystandspanama.com\/wp-content\/uploads\/2026\/01\/cropped-Logo-SPOT.png\" title=\"cropped-Logo-SPOT.png\" alt=\"\"><\/div>\n<\/div>\n<\/div>\n<\/div><div  id=\"overlappable-1\" class=\"overlappable-4 content-section content-section-spacing\" style=\"background-color: #f5fafd; background-image: none;\" data-label=\"Overlappable\" data-id=\"overlappable--1\" data-export-id=\"overlappable-4\" data-category=\"overlappable\" data-overlap=\"true\">\n<div  class=\"gridContainer\">\n<div  class=\"row spaced-cols text-center center-sm content-center-sm\" data-type=\"row\">\n<div  class=\"col-xs-12 col-sm-4 col-padding\">\n<div  class=\"\" data-type=\"column\">\n<h5  class=\"\">Follow us on Instagram<\/h5>\n<a  class=\"button blue\" href=\"https:\/\/www.youtube.com\/shorts\/0W7sOeZgLl0\" target=\"_blank\" data-cp-link=\"1\" rel=\"noopener nofollow\">YOUTUBE<\/a><\/div>\n<\/div>\n<\/div>\n<\/div>\n<\/div><div  id=\"contadores\" class=\"counters-2 content-section content-section-spacing\" style=\"background-color: #ffffff;\" data-label=\"Contadores\" data-id=\"counters--1\" data-export-id=\"counters-2\" data-category=\"counters\">\n<div  class=\"gridContainer\">\n<div  class=\"row text-center\">\n<div  class=\"section-title-col\" data-type=\"column\"><\/div>\n<\/div>\n<div  class=\"row\" data-type=\"row\">\n<div  class=\"col-xs-12 col-sm-4 text-center space-bottom\">\n<h3  class=\"font-400\" style=\"display: inline-block;\" data-min=\"0\" data-max=\"1000\" data-duration=\"200\" data-prefix=\"+\" data-suffix=\" \" data-countup=\"true\"><\/h3>\n<h5  class=\"upper color2\">Stand Designs<\/h5>\n<\/div>\n<div  class=\"col-xs-12 col-sm-4 text-center space-bottom\">\n<h3  class=\"font-400\" style=\"display: inline-block;\" data-min=\"0\" data-max=\"500\" data-duration=\"200\" data-prefix=\"+\" data-suffix=\" \" data-countup=\"true\"><\/h3>\n<h5  class=\"upper color2\">Satisfied Clients<\/h5>\n<\/div>\n<div  class=\"col-xs-12 col-sm-4 text-center space-bottom\">\n<h3  class=\"font-400\" style=\"display: inline-block;\" data-min=\"0\" data-max=\"20\" data-duration=\"200\" data-prefix=\"\" data-suffix=\" \" data-countup=\"true\"><\/h3>\n<h5  class=\"upper color2\">Years in the Market<\/h5>\n<\/div>\n<\/div>\n<\/div>\n<\/div>","protected":false},"excerpt":{"rendered":"<p>CONTACTA UN AGENTE DE VENTAS WHATSAPP Dise\u00f1ados a la medida. \u00a1Con Quality Stands usted se luce! CON MAS DE 20 A\u00d1OS DE EXPERIENCIA EN LA PRODUCCION DE STANDS, ORGANIZACION&nbsp; Y PRODUCCI\u00d3N DE EVENTOS FERIALES, SOMOS SU ALIADO IDEAL EN LA PLANIFICACI\u00d3N DE SU EXHIBICION PARA LOGRAR UN \u00c9XITO CONTUNDENTE. SERVICIOS CONFECCI\u00d3N DE: -Stand. -Lanzamientos. -Showrooms.&hellip; <br \/> <a class=\"read-more\" href=\"https:\/\/qualitystandspanama.com\/en\/\">Read more<\/a><\/p>","protected":false},"author":1,"featured_media":443,"parent":0,"menu_order":0,"comment_status":"closed","ping_status":"closed","template":"page-templates\/homepage.php","meta":{"_joinchat":[],"footnotes":""},"class_list":["post-385","page","type-page","status-publish","has-post-thumbnail","hentry"],"yoast_head":"<!-- This site is optimized with the Yoast SEO plugin v27.3 - https:\/\/yoast.com\/product\/yoast-seo-wordpress\/ -->\n<title>STANDS PANAMA - Organizador de Congresos, Ferias y Eventos.<\/title>\n<meta name=\"description\" content=\"Tenemos los alquileres de stands m\u00e1s completos, Despreoc\u00fapate por montaje y desmontaje, nosotros lo hacemos por ti. whatsapp 6150-1305\" \/>\n<meta name=\"robots\" content=\"index, follow, max-snippet:-1, max-image-preview:large, max-video-preview:-1\" \/>\n<link rel=\"canonical\" href=\"https:\/\/qualitystandspanama.com\/en\/\" \/>\n<meta property=\"og:locale\" content=\"en_US\" \/>\n<meta property=\"og:type\" content=\"article\" \/>\n<meta property=\"og:title\" content=\"STANDS PANAMA - Organizador de Congresos, Ferias y Eventos.\" \/>\n<meta property=\"og:description\" content=\"Tenemos los alquileres de stands m\u00e1s completos, Despreoc\u00fapate por montaje y desmontaje, nosotros lo hacemos por ti. whatsapp 6150-1305\" \/>\n<meta property=\"og:url\" content=\"https:\/\/qualitystandspanama.com\/en\/\" \/>\n<meta property=\"og:site_name\" content=\"Quality Stands Panam\u00e1\" \/>\n<meta property=\"article:modified_time\" content=\"2026-02-19T15:35:57+00:00\" \/>\n<meta property=\"og:image\" content=\"https:\/\/qualitystandspanama.com\/wp-content\/uploads\/2022\/03\/Sumitomo-DSC04088rtg.jpg\" \/>\n\t<meta property=\"og:image:width\" content=\"1317\" \/>\n\t<meta property=\"og:image:height\" content=\"887\" \/>\n\t<meta property=\"og:image:type\" content=\"image\/jpeg\" \/>\n<meta name=\"twitter:card\" content=\"summary_large_image\" \/>\n<meta name=\"twitter:label1\" content=\"Est. reading time\" \/>\n\t<meta name=\"twitter:data1\" content=\"4 minutes\" \/>\n<script type=\"application\/ld+json\" class=\"yoast-schema-graph\">{\"@context\":\"https:\\\/\\\/schema.org\",\"@graph\":[{\"@type\":\"WebPage\",\"@id\":\"https:\\\/\\\/qualitystandspanama.com\\\/\",\"url\":\"https:\\\/\\\/qualitystandspanama.com\\\/\",\"name\":\"STANDS PANAMA - Organizador de Congresos, Ferias y Eventos.\",\"isPartOf\":{\"@id\":\"https:\\\/\\\/sam.dbv.temporary.site\\\/website_4f7c3ff8\\\/#website\"},\"primaryImageOfPage\":{\"@id\":\"https:\\\/\\\/qualitystandspanama.com\\\/#primaryimage\"},\"image\":{\"@id\":\"https:\\\/\\\/qualitystandspanama.com\\\/#primaryimage\"},\"thumbnailUrl\":\"https:\\\/\\\/qualitystandspanama.com\\\/wp-content\\\/uploads\\\/2022\\\/03\\\/Sumitomo-DSC04088rtg.jpg\",\"datePublished\":\"2017-11-10T14:08:51+00:00\",\"dateModified\":\"2026-02-19T15:35:57+00:00\",\"description\":\"Tenemos los alquileres de stands m\u00e1s completos, Despreoc\u00fapate por montaje y desmontaje, nosotros lo hacemos por ti. whatsapp 6150-1305\",\"breadcrumb\":{\"@id\":\"https:\\\/\\\/qualitystandspanama.com\\\/#breadcrumb\"},\"inLanguage\":\"en-US\",\"potentialAction\":[{\"@type\":\"ReadAction\",\"target\":[\"https:\\\/\\\/qualitystandspanama.com\\\/\"]}]},{\"@type\":\"ImageObject\",\"inLanguage\":\"en-US\",\"@id\":\"https:\\\/\\\/qualitystandspanama.com\\\/#primaryimage\",\"url\":\"https:\\\/\\\/qualitystandspanama.com\\\/wp-content\\\/uploads\\\/2022\\\/03\\\/Sumitomo-DSC04088rtg.jpg\",\"contentUrl\":\"https:\\\/\\\/qualitystandspanama.com\\\/wp-content\\\/uploads\\\/2022\\\/03\\\/Sumitomo-DSC04088rtg.jpg\",\"width\":1317,\"height\":887,\"caption\":\"Imagen con derechos reservados de Quality Stands Panama\"},{\"@type\":\"BreadcrumbList\",\"@id\":\"https:\\\/\\\/qualitystandspanama.com\\\/#breadcrumb\",\"itemListElement\":[{\"@type\":\"ListItem\",\"position\":1,\"name\":\"Inicio\",\"item\":\"https:\\\/\\\/qualitystandspanama.com\\\/\"},{\"@type\":\"ListItem\",\"position\":2,\"name\":\"STANDS PANAMA &#8211; Organizador de Congresos, Ferias y Eventos.\"}]},{\"@type\":\"WebSite\",\"@id\":\"https:\\\/\\\/sam.dbv.temporary.site\\\/website_4f7c3ff8\\\/#website\",\"url\":\"https:\\\/\\\/sam.dbv.temporary.site\\\/website_4f7c3ff8\\\/\",\"name\":\"Quality Stands Panam\u00e1\",\"description\":\"Beyond the exhibition\",\"publisher\":{\"@id\":\"https:\\\/\\\/sam.dbv.temporary.site\\\/website_4f7c3ff8\\\/#organization\"},\"potentialAction\":[{\"@type\":\"SearchAction\",\"target\":{\"@type\":\"EntryPoint\",\"urlTemplate\":\"https:\\\/\\\/sam.dbv.temporary.site\\\/website_4f7c3ff8\\\/?s={search_term_string}\"},\"query-input\":{\"@type\":\"PropertyValueSpecification\",\"valueRequired\":true,\"valueName\":\"search_term_string\"}}],\"inLanguage\":\"en-US\"},{\"@type\":\"Organization\",\"@id\":\"https:\\\/\\\/sam.dbv.temporary.site\\\/website_4f7c3ff8\\\/#organization\",\"name\":\"Quality Stands Panam\u00e1\",\"url\":\"https:\\\/\\\/sam.dbv.temporary.site\\\/website_4f7c3ff8\\\/\",\"logo\":{\"@type\":\"ImageObject\",\"inLanguage\":\"en-US\",\"@id\":\"https:\\\/\\\/sam.dbv.temporary.site\\\/website_4f7c3ff8\\\/#\\\/schema\\\/logo\\\/image\\\/\",\"url\":\"https:\\\/\\\/qualitystandspanama.com\\\/wp-content\\\/uploads\\\/2022\\\/03\\\/cropped-Quality-logo.png\",\"contentUrl\":\"https:\\\/\\\/qualitystandspanama.com\\\/wp-content\\\/uploads\\\/2022\\\/03\\\/cropped-Quality-logo.png\",\"width\":330,\"height\":113,\"caption\":\"Quality Stands Panam\u00e1\"},\"image\":{\"@id\":\"https:\\\/\\\/sam.dbv.temporary.site\\\/website_4f7c3ff8\\\/#\\\/schema\\\/logo\\\/image\\\/\"},\"sameAs\":[\"https:\\\/\\\/www.instagram.com\\\/qualitystandspanama\\\/\"]}]}<\/script>\n<!-- \/ Yoast SEO plugin. -->","yoast_head_json":{"title":"STANDS PANAMA - Organizador de Congresos, Ferias y Eventos.","description":"Tenemos los alquileres de stands m\u00e1s completos, Despreoc\u00fapate por montaje y desmontaje, nosotros lo hacemos por ti. whatsapp 6150-1305","robots":{"index":"index","follow":"follow","max-snippet":"max-snippet:-1","max-image-preview":"max-image-preview:large","max-video-preview":"max-video-preview:-1"},"canonical":"https:\/\/qualitystandspanama.com\/en\/","og_locale":"en_US","og_type":"article","og_title":"STANDS PANAMA - Organizador de Congresos, Ferias y Eventos.","og_description":"Tenemos los alquileres de stands m\u00e1s completos, Despreoc\u00fapate por montaje y desmontaje, nosotros lo hacemos por ti. whatsapp 6150-1305","og_url":"https:\/\/qualitystandspanama.com\/en\/","og_site_name":"Quality Stands Panam\u00e1","article_modified_time":"2026-02-19T15:35:57+00:00","og_image":[{"width":1317,"height":887,"url":"https:\/\/qualitystandspanama.com\/wp-content\/uploads\/2022\/03\/Sumitomo-DSC04088rtg.jpg","type":"image\/jpeg"}],"twitter_card":"summary_large_image","twitter_misc":{"Est. reading time":"4 minutes"},"schema":{"@context":"https:\/\/schema.org","@graph":[{"@type":"WebPage","@id":"https:\/\/qualitystandspanama.com\/","url":"https:\/\/qualitystandspanama.com\/","name":"STANDS PANAMA - Organizador de Congresos, Ferias y Eventos.","isPartOf":{"@id":"https:\/\/sam.dbv.temporary.site\/website_4f7c3ff8\/#website"},"primaryImageOfPage":{"@id":"https:\/\/qualitystandspanama.com\/#primaryimage"},"image":{"@id":"https:\/\/qualitystandspanama.com\/#primaryimage"},"thumbnailUrl":"https:\/\/qualitystandspanama.com\/wp-content\/uploads\/2022\/03\/Sumitomo-DSC04088rtg.jpg","datePublished":"2017-11-10T14:08:51+00:00","dateModified":"2026-02-19T15:35:57+00:00","description":"Tenemos los alquileres de stands m\u00e1s completos, Despreoc\u00fapate por montaje y desmontaje, nosotros lo hacemos por ti. whatsapp 6150-1305","breadcrumb":{"@id":"https:\/\/qualitystandspanama.com\/#breadcrumb"},"inLanguage":"en-US","potentialAction":[{"@type":"ReadAction","target":["https:\/\/qualitystandspanama.com\/"]}]},{"@type":"ImageObject","inLanguage":"en-US","@id":"https:\/\/qualitystandspanama.com\/#primaryimage","url":"https:\/\/qualitystandspanama.com\/wp-content\/uploads\/2022\/03\/Sumitomo-DSC04088rtg.jpg","contentUrl":"https:\/\/qualitystandspanama.com\/wp-content\/uploads\/2022\/03\/Sumitomo-DSC04088rtg.jpg","width":1317,"height":887,"caption":"Imagen con derechos reservados de Quality Stands Panama"},{"@type":"BreadcrumbList","@id":"https:\/\/qualitystandspanama.com\/#breadcrumb","itemListElement":[{"@type":"ListItem","position":1,"name":"Inicio","item":"https:\/\/qualitystandspanama.com\/"},{"@type":"ListItem","position":2,"name":"STANDS PANAMA &#8211; Organizador de Congresos, Ferias y Eventos."}]},{"@type":"WebSite","@id":"https:\/\/sam.dbv.temporary.site\/website_4f7c3ff8\/#website","url":"https:\/\/sam.dbv.temporary.site\/website_4f7c3ff8\/","name":"Quality Stands Panam\u00e1","description":"Beyond the exhibition","publisher":{"@id":"https:\/\/sam.dbv.temporary.site\/website_4f7c3ff8\/#organization"},"potentialAction":[{"@type":"SearchAction","target":{"@type":"EntryPoint","urlTemplate":"https:\/\/sam.dbv.temporary.site\/website_4f7c3ff8\/?s={search_term_string}"},"query-input":{"@type":"PropertyValueSpecification","valueRequired":true,"valueName":"search_term_string"}}],"inLanguage":"en-US"},{"@type":"Organization","@id":"https:\/\/sam.dbv.temporary.site\/website_4f7c3ff8\/#organization","name":"Quality Stands Panam\u00e1","url":"https:\/\/sam.dbv.temporary.site\/website_4f7c3ff8\/","logo":{"@type":"ImageObject","inLanguage":"en-US","@id":"https:\/\/sam.dbv.temporary.site\/website_4f7c3ff8\/#\/schema\/logo\/image\/","url":"https:\/\/qualitystandspanama.com\/wp-content\/uploads\/2022\/03\/cropped-Quality-logo.png","contentUrl":"https:\/\/qualitystandspanama.com\/wp-content\/uploads\/2022\/03\/cropped-Quality-logo.png","width":330,"height":113,"caption":"Quality Stands Panam\u00e1"},"image":{"@id":"https:\/\/sam.dbv.temporary.site\/website_4f7c3ff8\/#\/schema\/logo\/image\/"},"sameAs":["https:\/\/www.instagram.com\/qualitystandspanama\/"]}]}},"_links":{"self":[{"href":"https:\/\/qualitystandspanama.com\/en\/wp-json\/wp\/v2\/pages\/385","targetHints":{"allow":["GET"]}}],"collection":[{"href":"https:\/\/qualitystandspanama.com\/en\/wp-json\/wp\/v2\/pages"}],"about":[{"href":"https:\/\/qualitystandspanama.com\/en\/wp-json\/wp\/v2\/types\/page"}],"author":[{"embeddable":true,"href":"https:\/\/qualitystandspanama.com\/en\/wp-json\/wp\/v2\/users\/1"}],"replies":[{"embeddable":true,"href":"https:\/\/qualitystandspanama.com\/en\/wp-json\/wp\/v2\/comments?post=385"}],"version-history":[{"count":20,"href":"https:\/\/qualitystandspanama.com\/en\/wp-json\/wp\/v2\/pages\/385\/revisions"}],"predecessor-version":[{"id":6595,"href":"https:\/\/qualitystandspanama.com\/en\/wp-json\/wp\/v2\/pages\/385\/revisions\/6595"}],"wp:featuredmedia":[{"embeddable":true,"href":"https:\/\/qualitystandspanama.com\/en\/wp-json\/wp\/v2\/media\/443"}],"wp:attachment":[{"href":"https:\/\/qualitystandspanama.com\/en\/wp-json\/wp\/v2\/media?parent=385"}],"curies":[{"name":"wp","href":"https:\/\/api.w.org\/{rel}","templated":true}]}}